{"id":24967,"date":"2019-07-19T12:57:59","date_gmt":"2019-07-19T16:57:59","guid":{"rendered":"https:\/\/www.martintout-terrain.com\/?page_id=24967"},"modified":"2024-01-12T10:23:32","modified_gmt":"2024-01-12T15:23:32","slug":"termes-et-conditions","status":"publish","type":"page","link":"https:\/\/www.martintout-terrain.com\/fr\/termes-et-conditions\/","title":{"rendered":"Termes et conditions d&rsquo;utilisation du site"},"content":{"rendered":"<p>Le site de Martin Tout Terrain est un site cr\u00e9\u00e9 et g\u00e9r\u00e9 par Power Go. En acceptant de naviguer sur ce site, vous acceptez les conditions d&rsquo;utilisation suivantes.<\/p>\n<h2>Responsabilit\u00e9<\/h2>\n<p>L&rsquo;ensemble du contenu pr\u00e9sent sur le site est mis \u00e0 disposition \u00e0 titre informatif uniquement. Martin Tout Terrain et Power Go font en sorte de fournir un contenu fiable et exact sur l&rsquo;ensemble de ce site. Ils ne pourront pas \u00eatre tenus responsable dans le cas o\u00f9 une erreur ou un d\u00e9faut de fonctionnement serait pr\u00e9sent sur ce site. Il est de votre responsabilit\u00e9 de v\u00e9rifier aupr\u00e8s de Martin Tout Terrain de l&rsquo;exactitude de l&rsquo;ensemble des informations pr\u00e9sentes sur ce site.<\/p>\n<p>Les liens hypertextes pr\u00e9sents sur le site de Martin Tout Terrain renvoient vers des sites Web externes dont le contenu n&rsquo;est pas g\u00e9r\u00e9 par Martin Tout Terrain. Martin Tout Terrain et Power Go ne peuvent pas \u00eatre tenus responsables des informations pr\u00e9sentes sur ces sites externes.<\/p>\n<h2>Propri\u00e9t\u00e9 intellectuelle<\/h2>\n<p>L&rsquo;utilisation des contenus de ce site n&rsquo;est autoris\u00e9e qu&rsquo;\u00e0 titre personnel et non commercial. L&rsquo;ensemble des contenus de ce site Web est prot\u00e9g\u00e9 par des droits de propri\u00e9t\u00e9s intellectuelles d\u00e9tenus par Martin Tout Terrain et Power Go. Il est interdit de reproduire ou d&rsquo;extraire les diff\u00e9rents contenus de ce site Web de quelque fa\u00e7on que ce soit. Cela inclut, de fa\u00e7on non exhaustive, les textes, les images, la conception du site et son d\u00e9veloppement.<\/p>\n<h2>Marques de commerce<\/h2>\n<p>Les marques de commerce pr\u00e9sentes sur ce site Web sont la propri\u00e9t\u00e9 de Martin Tout Terrain, Power Go ou des ses partenaires et fournisseurs. Il est interdit d&rsquo;utiliser ces marques de commerce sans l&rsquo;autorisation \u00e9crite pr\u00e9alable des propri\u00e9taires des marques concern\u00e9es.<\/p>\n<h2>Modifications des conditions d&rsquo;utilisation<\/h2>\n<p>Martin Tout Terrain et Power Go se r\u00e9servent le droit de modifier les conditions d&rsquo;utilisation de ce site en tout temps. Il est de votre responsabilit\u00e9 de consulter r\u00e9guli\u00e8rement ces conditions d&rsquo;utilisation et de vous y conformer.<\/p>\n","protected":false},"excerpt":{"rendered":"<p>Le site de est un site cr\u00e9\u00e9 et g\u00e9r\u00e9 par Power Go. En acceptant de naviguer sur ce site, vous acceptez les conditions d&rsquo;utilisation suivantes. Responsabilit\u00e9 L&rsquo;ensemble du contenu pr\u00e9sent sur le site est mis \u00e0 disposition \u00e0 titre informatif uniquement. et Power Go font en sorte de fournir un contenu fiable et exact sur &hellip; <a href=\"https:\/\/www.martintout-terrain.com\/fr\/termes-et-conditions\/\">Suite<\/a><\/p>\n","protected":false},"author":1,"featured_media":0,"parent":0,"menu_order":0,"comment_status":"closed","ping_status":"closed","template":"template-no-sidebar.php","meta":[],"acf":{"contact_form_custom_html_id":"","contact_form_custom_form_id":false},"_links":{"self":[{"href":"https:\/\/www.martintout-terrain.com\/fr\/wp-json\/wp\/v2\/pages\/24967"}],"collection":[{"href":"https:\/\/www.martintout-terrain.com\/fr\/wp-json\/wp\/v2\/pages"}],"about":[{"href":"https:\/\/www.martintout-terrain.com\/fr\/wp-json\/wp\/v2\/types\/page"}],"author":[{"embeddable":true,"href":"https:\/\/www.martintout-terrain.com\/fr\/wp-json\/wp\/v2\/users\/1"}],"replies":[{"embeddable":true,"href":"https:\/\/www.martintout-terrain.com\/fr\/wp-json\/wp\/v2\/comments?post=24967"}],"version-history":[{"count":4,"href":"https:\/\/www.martintout-terrain.com\/fr\/wp-json\/wp\/v2\/pages\/24967\/revisions"}],"predecessor-version":[{"id":29352,"href":"https:\/\/www.martintout-terrain.com\/fr\/wp-json\/wp\/v2\/pages\/24967\/revisions\/29352"}],"wp:attachment":[{"href":"https:\/\/www.martintout-terrain.com\/fr\/wp-json\/wp\/v2\/media?parent=24967"}],"curies":[{"name":"wp","href":"https:\/\/api.w.org\/{rel}","templated":true}]}}